{"id":36,"date":"2023-04-18T07:19:44","date_gmt":"2023-04-18T05:19:44","guid":{"rendered":"http:\/\/bimplan.pl\/?page_id=36"},"modified":"2023-04-18T07:31:46","modified_gmt":"2023-04-18T05:31:46","slug":"koordynacja","status":"publish","type":"page","link":"https:\/\/bimplan.pl\/index.php\/koordynacja\/","title":{"rendered":"KOORDYNACJA"},"content":{"rendered":"\n<p>Na etapach projektowania i budowy, zaanga\u017cowani s\u0105 in\u017cynierowie r\u00f3\u017cnych bran\u017c: architekt, konstruktor, instalator itp. Wsp\u00f3\u0142pracuj\u0105 oni, u\u017cywaj\u0105c oddzielnych modeli. W celu zapewnienia sp\u00f3jno\u015bci i wsp\u00f3\u0142pracy, koordynator BIM \u0142\u0105czy i ujednolica modele. W ten spos\u00f3b mo\u017cna wizualizowa\u0107 kolizje w czasie rzeczywistym i unika\u0107 ich kosztownego rozwi\u0105zywania podczas realizacji na placu budowy.<\/p>\n\n\n\n<p>Architektura, konstrukcje, elektryka, wentylacja \u2013 w projekcie budowlanym dla ka\u017cdej z tych dyscyplin tworzony jest osobny model BIM. Dzia\u0142a to prawid\u0142owo, dop\u00f3ki w fazie realizacji budowy nie pojawi\u0105 si\u0119 niesp\u00f3jno\u015bci i kolizje. Powoduj\u0105 one op\u00f3\u017anienia i dodatkowe koszty.<\/p>\n\n\n\n<p>W celu po\u0142\u0105czenia modeli bran\u017cowych, w Bimplan cz\u0119sto pracujemy z Solibri Model Checker. Oprogramowanie to pozwala nam na przeprowadzenie r\u00f3\u017cnych kontroli i walidacji zgodnie<br>z wymaganiami projektowymi, zagadnieniami geometrycznymi i kontrol\u0105 danych. Bimplan (Belgia) jest r\u00f3wnie\u017c certyfikowanym partnerem Solibri.<\/p>\n\n\n\n<p>Podczas tego procesu koordynator BIM w Bimplan sprawdzi r\u00f3\u017cne modele pod k\u0105tem m.in.:<\/p>\n\n\n\n<ul class=\"wp-block-list\">\n<li>wymaga\u0144 z planu wdro\u017cenia BIM, BIM protoko\u0142u, planu realizacji BIM<\/li>\n\n\n\n<li>wyst\u0105pienia kolizji geometrycznych<\/li>\n\n\n\n<li>jako\u015bci wewn\u0119trznej modeli<\/li>\n\n\n\n<li>spe\u0142nienia wymaga\u0144 projektowych<\/li>\n\n\n\n<li>sp\u00f3jno\u015bci danych<\/li>\n<\/ul>\n\n\n\n<p>Nasz koordynator BIM identyfikuje problemy, nast\u0119pnie zg\u0142asza je w odpowiednim czasie i sprawdza je we wsp\u00f3\u0142pracy z zespo\u0142em projektowym.<\/p>\n\n\n\n<figure class=\"wp-block-gallery has-nested-images columns-default is-cropped wp-block-gallery-1 is-layout-flex wp-block-gallery-is-layout-flex\">\n<figure class=\"wp-block-image size-large\"><img loading=\"lazy\" decoding=\"async\" width=\"1024\" height=\"642\" data-id=\"75\" src=\"http:\/\/bimplan.pl\/wp-content\/uploads\/2023\/04\/caly-obiekt_architektura-1024x642.jpg\" alt=\"\" class=\"wp-image-75\" srcset=\"https:\/\/bimplan.pl\/wp-content\/uploads\/2023\/04\/caly-obiekt_architektura-1024x642.jpg 1024w, https:\/\/bimplan.pl\/wp-content\/uploads\/2023\/04\/caly-obiekt_architektura-300x188.jpg 300w, https:\/\/bimplan.pl\/wp-content\/uploads\/2023\/04\/caly-obiekt_architektura-768x482.jpg 768w, https:\/\/bimplan.pl\/wp-content\/uploads\/2023\/04\/caly-obiekt_architektura-700x439.jpg 700w, https:\/\/bimplan.pl\/wp-content\/uploads\/2023\/04\/caly-obiekt_architektura-638x400.jpg 638w, https:\/\/bimplan.pl\/wp-content\/uploads\/2023\/04\/caly-obiekt_architektura.jpg 1492w\" sizes=\"auto, (max-width: 1024px) 100vw, 1024px\" \/><\/figure>\n\n\n\n<figure class=\"wp-block-image size-large\"><img loading=\"lazy\" decoding=\"async\" width=\"1024\" height=\"674\" data-id=\"78\" src=\"http:\/\/bimplan.pl\/wp-content\/uploads\/2023\/04\/caly-obiekt_konstrukcja-1024x674.jpg\" alt=\"\" class=\"wp-image-78\" srcset=\"https:\/\/bimplan.pl\/wp-content\/uploads\/2023\/04\/caly-obiekt_konstrukcja-1024x674.jpg 1024w, https:\/\/bimplan.pl\/wp-content\/uploads\/2023\/04\/caly-obiekt_konstrukcja-300x198.jpg 300w, https:\/\/bimplan.pl\/wp-content\/uploads\/2023\/04\/caly-obiekt_konstrukcja-768x506.jpg 768w, https:\/\/bimplan.pl\/wp-content\/uploads\/2023\/04\/caly-obiekt_konstrukcja-700x461.jpg 700w, https:\/\/bimplan.pl\/wp-content\/uploads\/2023\/04\/caly-obiekt_konstrukcja-608x400.jpg 608w, https:\/\/bimplan.pl\/wp-content\/uploads\/2023\/04\/caly-obiekt_konstrukcja.jpg 1490w\" sizes=\"auto, (max-width: 1024px) 100vw, 1024px\" \/><\/figure>\n\n\n\n<figure class=\"wp-block-image size-large\"><img loading=\"lazy\" decoding=\"async\" width=\"1024\" height=\"545\" data-id=\"76\" src=\"http:\/\/bimplan.pl\/wp-content\/uploads\/2023\/04\/caly-obiekt_MEP-1024x545.jpg\" alt=\"\" class=\"wp-image-76\" srcset=\"https:\/\/bimplan.pl\/wp-content\/uploads\/2023\/04\/caly-obiekt_MEP-1024x545.jpg 1024w, https:\/\/bimplan.pl\/wp-content\/uploads\/2023\/04\/caly-obiekt_MEP-300x160.jpg 300w, https:\/\/bimplan.pl\/wp-content\/uploads\/2023\/04\/caly-obiekt_MEP-768x409.jpg 768w, https:\/\/bimplan.pl\/wp-content\/uploads\/2023\/04\/caly-obiekt_MEP-1536x818.jpg 1536w, https:\/\/bimplan.pl\/wp-content\/uploads\/2023\/04\/caly-obiekt_MEP-700x373.jpg 700w, https:\/\/bimplan.pl\/wp-content\/uploads\/2023\/04\/caly-obiekt_MEP-751x400.jpg 751w, https:\/\/bimplan.pl\/wp-content\/uploads\/2023\/04\/caly-obiekt_MEP.jpg 1613w\" sizes=\"auto, (max-width: 1024px) 100vw, 1024px\" \/><\/figure>\n\n\n\n<figure class=\"wp-block-image size-large\"><img loading=\"lazy\" decoding=\"async\" width=\"1024\" height=\"617\" data-id=\"77\" src=\"http:\/\/bimplan.pl\/wp-content\/uploads\/2023\/04\/wycinek_MEP-1024x617.jpg\" alt=\"\" class=\"wp-image-77\" srcset=\"https:\/\/bimplan.pl\/wp-content\/uploads\/2023\/04\/wycinek_MEP-1024x617.jpg 1024w, https:\/\/bimplan.pl\/wp-content\/uploads\/2023\/04\/wycinek_MEP-300x181.jpg 300w, https:\/\/bimplan.pl\/wp-content\/uploads\/2023\/04\/wycinek_MEP-768x463.jpg 768w, https:\/\/bimplan.pl\/wp-content\/uploads\/2023\/04\/wycinek_MEP-1536x925.jpg 1536w, https:\/\/bimplan.pl\/wp-content\/uploads\/2023\/04\/wycinek_MEP-700x422.jpg 700w, https:\/\/bimplan.pl\/wp-content\/uploads\/2023\/04\/wycinek_MEP-664x400.jpg 664w, https:\/\/bimplan.pl\/wp-content\/uploads\/2023\/04\/wycinek_MEP.jpg 1635w\" sizes=\"auto, (max-width: 1024px) 100vw, 1024px\" \/><\/figure>\n<\/figure>\n\n\n\n<figure class=\"wp-block-gallery has-nested-images columns-default is-cropped wp-block-gallery-2 is-layout-flex wp-block-gallery-is-layout-flex\">\n<figure class=\"wp-block-image size-large\"><img loading=\"lazy\" decoding=\"async\" width=\"987\" height=\"1024\" data-id=\"79\" src=\"http:\/\/bimplan.pl\/wp-content\/uploads\/2023\/04\/Widok-3D_architektura-987x1024.jpg\" alt=\"\" class=\"wp-image-79\" srcset=\"https:\/\/bimplan.pl\/wp-content\/uploads\/2023\/04\/Widok-3D_architektura-987x1024.jpg 987w, https:\/\/bimplan.pl\/wp-content\/uploads\/2023\/04\/Widok-3D_architektura-289x300.jpg 289w, https:\/\/bimplan.pl\/wp-content\/uploads\/2023\/04\/Widok-3D_architektura-768x797.jpg 768w, https:\/\/bimplan.pl\/wp-content\/uploads\/2023\/04\/Widok-3D_architektura-700x726.jpg 700w, https:\/\/bimplan.pl\/wp-content\/uploads\/2023\/04\/Widok-3D_architektura-385x400.jpg 385w, https:\/\/bimplan.pl\/wp-content\/uploads\/2023\/04\/Widok-3D_architektura.jpg 1191w\" sizes=\"auto, (max-width: 987px) 100vw, 987px\" \/><\/figure>\n\n\n\n<figure class=\"wp-block-image size-large\"><img loading=\"lazy\" decoding=\"async\" width=\"964\" height=\"1024\" data-id=\"81\" src=\"http:\/\/bimplan.pl\/wp-content\/uploads\/2023\/04\/Widok-3D_konstrukcja-964x1024.jpg\" alt=\"\" class=\"wp-image-81\" srcset=\"https:\/\/bimplan.pl\/wp-content\/uploads\/2023\/04\/Widok-3D_konstrukcja-964x1024.jpg 964w, https:\/\/bimplan.pl\/wp-content\/uploads\/2023\/04\/Widok-3D_konstrukcja-282x300.jpg 282w, https:\/\/bimplan.pl\/wp-content\/uploads\/2023\/04\/Widok-3D_konstrukcja-768x816.jpg 768w, https:\/\/bimplan.pl\/wp-content\/uploads\/2023\/04\/Widok-3D_konstrukcja-700x743.jpg 700w, https:\/\/bimplan.pl\/wp-content\/uploads\/2023\/04\/Widok-3D_konstrukcja-377x400.jpg 377w, https:\/\/bimplan.pl\/wp-content\/uploads\/2023\/04\/Widok-3D_konstrukcja.jpg 1191w\" sizes=\"auto, (max-width: 964px) 100vw, 964px\" \/><\/figure>\n\n\n\n<figure class=\"wp-block-image size-large\"><img loading=\"lazy\" decoding=\"async\" width=\"983\" height=\"1024\" data-id=\"80\" src=\"http:\/\/bimplan.pl\/wp-content\/uploads\/2023\/04\/Widok-3D_MEP-983x1024.jpg\" alt=\"\" class=\"wp-image-80\" srcset=\"https:\/\/bimplan.pl\/wp-content\/uploads\/2023\/04\/Widok-3D_MEP-983x1024.jpg 983w, https:\/\/bimplan.pl\/wp-content\/uploads\/2023\/04\/Widok-3D_MEP-288x300.jpg 288w, https:\/\/bimplan.pl\/wp-content\/uploads\/2023\/04\/Widok-3D_MEP-768x800.jpg 768w, https:\/\/bimplan.pl\/wp-content\/uploads\/2023\/04\/Widok-3D_MEP-700x729.jpg 700w, https:\/\/bimplan.pl\/wp-content\/uploads\/2023\/04\/Widok-3D_MEP-384x400.jpg 384w, https:\/\/bimplan.pl\/wp-content\/uploads\/2023\/04\/Widok-3D_MEP.jpg 1191w\" sizes=\"auto, (max-width: 983px) 100vw, 983px\" \/><\/figure>\n<\/figure>\n","protected":false},"excerpt":{"rendered":"<p>Na etapach projektowania i budowy, zaanga\u017cowani s\u0105 in\u017cynierowie r\u00f3\u017cnych bran\u017c: architekt, konstruktor, instalator itp. Wsp\u00f3\u0142pracuj\u0105 oni, u\u017cywaj\u0105c oddzielnych modeli. W celu zapewnienia sp\u00f3jno\u015bci i wsp\u00f3\u0142pracy, koordynator BIM \u0142\u0105czy i ujednolica modele. W ten spos\u00f3b mo\u017cna wizualizowa\u0107 kolizje w czasie rzeczywistym i unika\u0107 ich kosztownego rozwi\u0105zywania podczas realizacji na placu budowy. Architektura, konstrukcje, elektryka, wentylacja \u2013 [&hellip;]<\/p>\n","protected":false},"author":1,"featured_media":0,"parent":0,"menu_order":0,"comment_status":"closed","ping_status":"closed","template":"","meta":{"footnotes":""},"class_list":["post-36","page","type-page","status-publish","hentry"],"_links":{"self":[{"href":"https:\/\/bimplan.pl\/index.php\/wp-json\/wp\/v2\/pages\/36","targetHints":{"allow":["GET"]}}],"collection":[{"href":"https:\/\/bimplan.pl\/index.php\/wp-json\/wp\/v2\/pages"}],"about":[{"href":"https:\/\/bimplan.pl\/index.php\/wp-json\/wp\/v2\/types\/page"}],"author":[{"embeddable":true,"href":"https:\/\/bimplan.pl\/index.php\/wp-json\/wp\/v2\/users\/1"}],"replies":[{"embeddable":true,"href":"https:\/\/bimplan.pl\/index.php\/wp-json\/wp\/v2\/comments?post=36"}],"version-history":[{"count":3,"href":"https:\/\/bimplan.pl\/index.php\/wp-json\/wp\/v2\/pages\/36\/revisions"}],"predecessor-version":[{"id":82,"href":"https:\/\/bimplan.pl\/index.php\/wp-json\/wp\/v2\/pages\/36\/revisions\/82"}],"wp:attachment":[{"href":"https:\/\/bimplan.pl\/index.php\/wp-json\/wp\/v2\/media?parent=36"}],"curies":[{"name":"wp","href":"https:\/\/api.w.org\/{rel}","templated":true}]}}